{"id":427,"date":"2016-01-15T10:02:01","date_gmt":"2016-01-15T10:02:01","guid":{"rendered":"http:\/\/borussia.lu\/?page_id=427"},"modified":"2025-07-21T09:08:09","modified_gmt":"2025-07-21T08:08:09","slug":"ticket-hotline","status":"publish","type":"page","link":"https:\/\/borussia.lu\/?page_id=427","title":{"rendered":"&#x1f39f;&#xfe0f; Ticket-Hotline"},"content":{"rendered":"\n<h1 class=\"wp-block-heading\">Ticketinfos &amp; Support fir Matcher<\/h1>\n\n\n\n<p>Egal ob Dir Froen iwwer Matcher, Busreesen, oder Ticketbestellungen hutt \u2013 hei fannt Dir all wichteg Informatiounen an d\u2019Kontaktm\u00e9iglechkeeten fir eng s\u00e9ier H\u00ebllef.<\/p>\n\n\n\n<p>&#x1f39f;&#xfe0f;&nbsp;<strong>\u00c4ren Ticket k\u00ebnnt dir w\u00e9i gewinnt beim Roger bestellen.<\/strong><\/p>\n\n\n\n<p>&#x1f4de;&nbsp;<strong>Ticket-Hotline:<\/strong>&nbsp;+352 621 346 411<\/p>\n\n\n\n<p>&#x1f4b3;&nbsp;<strong>Bankdetailer:<\/strong><br>\u2022 BIC: CCPLLULL<br>\u2022 IBAN: LU10 1111 2340 9332 0000<\/p>\n\n\n\n<p>&#x26a0;&#xfe0f;&nbsp;<strong>Wichteg:<\/strong>&nbsp;Wann e bestallten Ticket no&nbsp;<strong>3 Wochen<\/strong>&nbsp;net bezuelt ass, g\u00ebtt en er\u00ebm fr\u00e4i fir de Verkaf!<\/p>\n\n\n\n<p>&#x1f49a; Villmools Merci fir \u00c4r \u00cbnnerst\u00ebtzung!<\/p>\n\n\n\n<p><em>Nemmen d&#8217;Fohlen!&#x1f49a;<\/em><\/p>\n\n\n\n<p><\/p>\n\n\n\n<p><em>D\u00ebs S\u00e4it g\u00ebtt Iech offr\u00e9irert vum Traiteur KAIFFER:<\/em><\/p>\n\n\n\n<figure class=\"wp-block-image size-full\"><a href=\"https:\/\/www.kaiffer-sarl.lu\"><img loading=\"lazy\" decoding=\"async\" width=\"269\" height=\"282\" src=\"http:\/\/borussia.lu\/wp-content\/uploads\/2025\/07\/image-1.png\" alt=\"\" class=\"wp-image-104911\"\/><\/a><\/figure>\n","protected":false},"excerpt":{"rendered":"<p>Ticketinfos &amp; Support fir Matcher Egal ob Dir Froen iwwer Matcher, Busreesen, oder Ticketbestellungen hutt \u2013 hei fannt Dir all wichteg Informatiounen an d\u2019Kontaktm\u00e9iglechkeeten fir eng s\u00e9ier H\u00ebllef. &#x1f39f;&#xfe0f;&nbsp;\u00c4ren Ticket k\u00ebnnt dir w\u00e9i gewinnt beim Roger bestellen. &#x1f4de;&nbsp;Ticket-Hotline:&nbsp;+352 621 346 411 &#x1f4b3;&nbsp;Bankdetailer:\u2022 BIC: CCPLLULL\u2022 IBAN: LU10 1111 2340 9332 0000 &#x26a0;&#xfe0f;&nbsp;Wichteg:&nbsp;Wann e bestallten Ticket no&nbsp;3 [&hellip;]<\/p>\n","protected":false},"author":1,"featured_media":428,"parent":0,"menu_order":2,"comment_status":"closed","ping_status":"closed","template":"","meta":{"footnotes":""},"_links":{"self":[{"href":"https:\/\/borussia.lu\/index.php?rest_route=\/wp\/v2\/pages\/427"}],"collection":[{"href":"https:\/\/borussia.lu\/index.php?rest_route=\/wp\/v2\/pages"}],"about":[{"href":"https:\/\/borussia.lu\/index.php?rest_route=\/wp\/v2\/types\/page"}],"author":[{"embeddable":true,"href":"https:\/\/borussia.lu\/index.php?rest_route=\/wp\/v2\/users\/1"}],"replies":[{"embeddable":true,"href":"https:\/\/borussia.lu\/index.php?rest_route=%2Fwp%2Fv2%2Fcomments&post=427"}],"version-history":[{"count":20,"href":"https:\/\/borussia.lu\/index.php?rest_route=\/wp\/v2\/pages\/427\/revisions"}],"predecessor-version":[{"id":104945,"href":"https:\/\/borussia.lu\/index.php?rest_route=\/wp\/v2\/pages\/427\/revisions\/104945"}],"wp:featuredmedia":[{"embeddable":true,"href":"https:\/\/borussia.lu\/index.php?rest_route=\/wp\/v2\/media\/428"}],"wp:attachment":[{"href":"https:\/\/borussia.lu\/index.php?rest_route=%2Fwp%2Fv2%2Fmedia&parent=427"}],"curies":[{"name":"wp","href":"https:\/\/api.w.org\/{rel}","templated":true}]}}