{"id":244,"date":"2016-01-07T15:23:20","date_gmt":"2016-01-07T15:23:20","guid":{"rendered":"http:\/\/borussia.lu\/?page_id=244"},"modified":"2025-07-21T00:18:08","modified_gmt":"2025-07-20T23:18:08","slug":"logo","status":"publish","type":"page","link":"https:\/\/borussia.lu\/?page_id=244","title":{"rendered":"Eise Logo"},"content":{"rendered":"\n<p>De Logo vun den <strong>Gladbacher Fohlen L\u00ebtzebuerg<\/strong>\u00a0ass e staarkt Symbol vun der Verbindung t\u00ebscht dem Borussia M\u00f6nchengladbach &#x26bd; a eiser l\u00ebtzebuerger Fan-Gemeinschaft &#x1f1f1;&#x1f1fa;. <\/p>\n\n\n\n<p><strong>E fr\u00ebndlecht Maskottchen<\/strong><br>E liewegt a jovial Foul mat engem breede Laachen, deen d\u2019Freed, Begeeschterung an Teamgeescht vun eise Fans ausdr\u00e9ckt.<\/p>\n\n\n\n<p><strong>Faarwen mat Bedeitung<\/strong><br>De Trikot am schwaarz, w\u00e4iss a gr\u00e9ng spigelt d\u2019Faarwen vun eisem Lieblingsclub er\u00ebm a weist d\u2019Zesummenhalt.<\/p>\n\n\n\n<p>\u00a0<strong>D\u2019F\u00e4ndel mat Herz<\/strong><br>D\u2019F\u00e4ndel mat dem roude L\u00e9iw op de blo-w\u00e4isse Str\u00e4ifen represent\u00e9iert eis Verbindung zu L\u00ebtzebuerg a s\u00e4i kulturellt Erbe.<\/p>\n\n\n\n<p><strong>Ronn Text ronder\u00ebm<\/strong><br>\u201eGladbacher Fohlen L\u00ebtzebuerg\u201c weist op eis Gemeinschaft a Pr\u00e4is op eis Identit\u00e9it a Leidenschaft.<\/p>\n\n\n\n<p><strong>E Symbol fir Engagement a Stolz<\/strong><br>De Logo steet fir d\u2019Leidenschaft, d\u2019Zesummenaarbecht a de Stolz vun de Fohlen-Fans hei zu L\u00ebtzebuerg.<\/p>\n\n\n\n<p>N\u00ebmmen Fohlen!\u00a0&#x1f49a;<\/p>\n\n\n<div class=\"wp-block-image\">\n<figure class=\"aligncenter\"><a href=\"http:\/\/borussia.lu\/wp-content\/uploads\/2016\/01\/Officielle-Logo_2015.jpg\"><img loading=\"lazy\" decoding=\"async\" width=\"393\" height=\"447\" src=\"http:\/\/borussia.lu\/wp-content\/uploads\/2016\/01\/Officielle-Logo_2015.jpg\" alt=\"\" class=\"wp-image-214\" srcset=\"https:\/\/borussia.lu\/wp-content\/uploads\/2016\/01\/Officielle-Logo_2015.jpg 393w, https:\/\/borussia.lu\/wp-content\/uploads\/2016\/01\/Officielle-Logo_2015-264x300.jpg 264w\" sizes=\"(max-width: 393px) 100vw, 393px\" \/><\/a><\/figure><\/div>","protected":false},"excerpt":{"rendered":"<p>De Logo vun den Gladbacher Fohlen L\u00ebtzebuerg\u00a0ass e staarkt Symbol vun der Verbindung t\u00ebscht dem Borussia M\u00f6nchengladbach &#x26bd; a eiser l\u00ebtzebuerger Fan-Gemeinschaft &#x1f1f1;&#x1f1fa;. E fr\u00ebndlecht MaskottchenE liewegt a jovial Foul mat engem breede Laachen, deen d\u2019Freed, Begeeschterung an Teamgeescht vun eise Fans ausdr\u00e9ckt. Faarwen mat BedeitungDe Trikot am schwaarz, w\u00e4iss a gr\u00e9ng spigelt d\u2019Faarwen vun [&hellip;]<\/p>\n","protected":false},"author":1,"featured_media":0,"parent":0,"menu_order":11,"comment_status":"closed","ping_status":"closed","template":"","meta":{"footnotes":""},"_links":{"self":[{"href":"https:\/\/borussia.lu\/index.php?rest_route=\/wp\/v2\/pages\/244"}],"collection":[{"href":"https:\/\/borussia.lu\/index.php?rest_route=\/wp\/v2\/pages"}],"about":[{"href":"https:\/\/borussia.lu\/index.php?rest_route=\/wp\/v2\/types\/page"}],"author":[{"embeddable":true,"href":"https:\/\/borussia.lu\/index.php?rest_route=\/wp\/v2\/users\/1"}],"replies":[{"embeddable":true,"href":"https:\/\/borussia.lu\/index.php?rest_route=%2Fwp%2Fv2%2Fcomments&post=244"}],"version-history":[{"count":6,"href":"https:\/\/borussia.lu\/index.php?rest_route=\/wp\/v2\/pages\/244\/revisions"}],"predecessor-version":[{"id":104888,"href":"https:\/\/borussia.lu\/index.php?rest_route=\/wp\/v2\/pages\/244\/revisions\/104888"}],"wp:attachment":[{"href":"https:\/\/borussia.lu\/index.php?rest_route=%2Fwp%2Fv2%2Fmedia&parent=244"}],"curies":[{"name":"wp","href":"https:\/\/api.w.org\/{rel}","templated":true}]}}