{"id":104979,"date":"2025-07-21T09:42:02","date_gmt":"2025-07-21T08:42:02","guid":{"rendered":"https:\/\/borussia.lu\/?page_id=104979"},"modified":"2025-07-21T09:57:04","modified_gmt":"2025-07-21T08:57:04","slug":"generalversammlung-2024-2025","status":"publish","type":"page","link":"https:\/\/borussia.lu\/?page_id=104979","title":{"rendered":"Generalversammlung 2024-2025"},"content":{"rendered":"\n<figure class=\"wp-block-gallery has-nested-images columns-default is-cropped wp-block-gallery-1 is-layout-flex wp-block-gallery-is-layout-flex\">\n<figure class=\"wp-block-image size-large\"><img decoding=\"async\" data-id=\"104978\" src=\"https:\/\/borussia.lu\/wp-content\/uploads\/2025\/07\/IMG_7688-1.heic\" alt=\"\" class=\"wp-image-104978\"\/><\/figure>\n\n\n\n<figure class=\"wp-block-image size-large\"><img decoding=\"async\" data-id=\"104977\" src=\"https:\/\/borussia.lu\/wp-content\/uploads\/2025\/07\/IMG_7687-1.heic\" alt=\"\" class=\"wp-image-104977\"\/><\/figure>\n\n\n\n<figure class=\"wp-block-image size-large\"><img decoding=\"async\" data-id=\"104965\" src=\"https:\/\/borussia.lu\/wp-content\/uploads\/2025\/07\/IMG_7683.heic\" alt=\"\" class=\"wp-image-104965\"\/><\/figure>\n\n\n\n<figure class=\"wp-block-image size-full\"><img decoding=\"async\" data-id=\"104963\" src=\"http:\/\/borussia.lu\/wp-content\/uploads\/2025\/07\/IMG_7681.heic\" alt=\"\" class=\"wp-image-104963\"\/><\/figure>\n<\/figure>\n\n\n\n<p><strong>L\u00e9if Memberen,<\/strong><\/p>\n\n\n\n<p>D&#8217;Generalversammlung vun eisem Klub huet den&nbsp;<strong>10. Juli 2025<\/strong>&nbsp;mat grousser Erfolleg stattfonnt. Mir w\u00ebllen all deenen, d\u00e9i un d\u00ebser wichteger Versammlung deelgeholl hunn, e grousse Merci soen.<\/p>\n\n\n\n<p>Mir Kader vun der Generalversammlung gouf et dann och en Cadeau als Merci un deen Member deen w\u00e4rend der leschter Saison d\u00e9i meeschte Presencen am Fanlokal haat. Merci och dir <strong>Georges<\/strong>! Vill spaass mam Cadeau!! <\/p>\n\n\n\n<figure class=\"wp-block-image size-full\"><img decoding=\"async\" src=\"http:\/\/borussia.lu\/wp-content\/uploads\/2025\/07\/IMG_7692.heic\" alt=\"\" class=\"wp-image-104993\"\/><\/figure>\n\n\n\n<p><em>Nemmen d&#8217;Fohlen! &#x1f49a;<\/em><\/p>\n\n\n\n<p><\/p>\n\n\n\n<p><em>D\u00ebs S\u00e4it g\u00ebtt Iech offr\u00e9iert vun LES REVES DE RASIGUERES<\/em><\/p>\n\n\n\n<figure class=\"wp-block-image size-large\"><img loading=\"lazy\" decoding=\"async\" width=\"1024\" height=\"455\" src=\"http:\/\/borussia.lu\/wp-content\/uploads\/2024\/07\/274299211_609513893476832_2723008532578789347_n-1024x455.png\" alt=\"\" class=\"wp-image-104676\" srcset=\"https:\/\/borussia.lu\/wp-content\/uploads\/2024\/07\/274299211_609513893476832_2723008532578789347_n-1024x455.png 1024w, https:\/\/borussia.lu\/wp-content\/uploads\/2024\/07\/274299211_609513893476832_2723008532578789347_n-500x222.png 500w, https:\/\/borussia.lu\/wp-content\/uploads\/2024\/07\/274299211_609513893476832_2723008532578789347_n-768x341.png 768w, https:\/\/borussia.lu\/wp-content\/uploads\/2024\/07\/274299211_609513893476832_2723008532578789347_n-900x400.png 900w, https:\/\/borussia.lu\/wp-content\/uploads\/2024\/07\/274299211_609513893476832_2723008532578789347_n.png 1063w\" sizes=\"(max-width: 1024px) 100vw, 1024px\" \/><figcaption class=\"wp-element-caption\">LES R\u00caVES DE RASIGUERES<\/figcaption><\/figure>\n","protected":false},"excerpt":{"rendered":"<p>L\u00e9if Memberen, D&#8217;Generalversammlung vun eisem Klub huet den&nbsp;10. Juli 2025&nbsp;mat grousser Erfolleg stattfonnt. Mir w\u00ebllen all deenen, d\u00e9i un d\u00ebser wichteger Versammlung deelgeholl hunn, e grousse Merci soen. Mir Kader vun der Generalversammlung gouf et dann och en Cadeau als Merci un deen Member deen w\u00e4rend der leschter Saison d\u00e9i meeschte Presencen am Fanlokal haat. [&hellip;]<\/p>\n","protected":false},"author":3,"featured_media":0,"parent":0,"menu_order":0,"comment_status":"closed","ping_status":"closed","template":"","meta":{"footnotes":""},"_links":{"self":[{"href":"https:\/\/borussia.lu\/index.php?rest_route=\/wp\/v2\/pages\/104979"}],"collection":[{"href":"https:\/\/borussia.lu\/index.php?rest_route=\/wp\/v2\/pages"}],"about":[{"href":"https:\/\/borussia.lu\/index.php?rest_route=\/wp\/v2\/types\/page"}],"author":[{"embeddable":true,"href":"https:\/\/borussia.lu\/index.php?rest_route=\/wp\/v2\/users\/3"}],"replies":[{"embeddable":true,"href":"https:\/\/borussia.lu\/index.php?rest_route=%2Fwp%2Fv2%2Fcomments&post=104979"}],"version-history":[{"count":8,"href":"https:\/\/borussia.lu\/index.php?rest_route=\/wp\/v2\/pages\/104979\/revisions"}],"predecessor-version":[{"id":104994,"href":"https:\/\/borussia.lu\/index.php?rest_route=\/wp\/v2\/pages\/104979\/revisions\/104994"}],"wp:attachment":[{"href":"https:\/\/borussia.lu\/index.php?rest_route=%2Fwp%2Fv2%2Fmedia&parent=104979"}],"curies":[{"name":"wp","href":"https:\/\/api.w.org\/{rel}","templated":true}]}}