{"id":104918,"date":"2025-07-21T01:06:42","date_gmt":"2025-07-21T00:06:42","guid":{"rendered":"https:\/\/borussia.lu\/?page_id=104918"},"modified":"2025-07-21T09:05:47","modified_gmt":"2025-07-21T08:05:47","slug":"les-reves-de-rasigueres","status":"publish","type":"page","link":"https:\/\/borussia.lu\/?page_id=104918","title":{"rendered":"Les R\u00eaves de Rasigu\u00e8res"},"content":{"rendered":"\n<figure class=\"wp-block-image size-large\"><a href=\"https:\/\/www.facebook.com\/revesderasigueres\/?locale=fr_FR\"><img loading=\"lazy\" decoding=\"async\" width=\"1024\" height=\"455\" src=\"http:\/\/borussia.lu\/wp-content\/uploads\/2024\/07\/274299211_609513893476832_2723008532578789347_n-1024x455.png\" alt=\"\" class=\"wp-image-104676\" srcset=\"https:\/\/borussia.lu\/wp-content\/uploads\/2024\/07\/274299211_609513893476832_2723008532578789347_n-1024x455.png 1024w, https:\/\/borussia.lu\/wp-content\/uploads\/2024\/07\/274299211_609513893476832_2723008532578789347_n-500x222.png 500w, https:\/\/borussia.lu\/wp-content\/uploads\/2024\/07\/274299211_609513893476832_2723008532578789347_n-768x341.png 768w, https:\/\/borussia.lu\/wp-content\/uploads\/2024\/07\/274299211_609513893476832_2723008532578789347_n-900x400.png 900w, https:\/\/borussia.lu\/wp-content\/uploads\/2024\/07\/274299211_609513893476832_2723008532578789347_n.png 1063w\" sizes=\"(max-width: 1024px) 100vw, 1024px\" \/><\/a><\/figure>\n\n\n\n<h2 class=\"wp-block-heading\">Les R\u00eaves de Rasigu\u00e8res &#x1f347;&#x1f377;<\/h2>\n\n\n\n<p>Mir w\u00ebllen eisem Sponsor <strong>Les R\u00eaves de Rasigu\u00e8res<\/strong> e grousse Merci ausdr\u00e9cken fir hiren aussergew\u00e9inlechen Support vun de <strong>Gladbacher Fohlen L\u00ebtzebuerg<\/strong>. Mat hirer H\u00ebllef k\u00ebnne mir eise Fanclub weider ausbauen a spannend Aktivit\u00e9iten organis\u00e9ieren &#x1f389;&#x26bd;.<\/p>\n\n\n\n<p>**Les R\u00eaves de Rasigu\u00e8res** steet fir **Passioun** &#x2764;&#xfe0f;, **Qualit\u00e9it** &#x1f377; an **Traditioun** &#x1f4dc;, an h\u00eblleft eis och mat enger Vision, d\u00e9i **Innovatioun** &#x1f4a1;, **Nohaltegkeet** &#x1f331; an **Kreativit\u00e9it** &#x1f4ad; f\u00f6rdert.<\/p>\n\n\n\n<p>Merci fir d&#8217;Zesummenaarbecht an de W\u00ebllen, eis Rees als Fohlen-Gemeinschaft mat Iech ze deelen!<\/p>\n\n\n\n<p><strong><em>N\u00ebmmen Fohlen!<\/em><\/strong>\u00a0&#x1f49a;<\/p>\n\n\n\n<hr class=\"wp-block-separator has-alpha-channel-opacity\"\/>\n\n\n\n<p>Wann Dir och Sponsor w\u00ebllt ginn, kontakt\u00e9iert eis g\u00e4r:<br>&#x1f4e7;&nbsp;<a href=\"mailto:borussia@borussia.lu\">borussia@borussia.lu<\/a><\/p>\n","protected":false},"excerpt":{"rendered":"<p>Les R\u00eaves de Rasigu\u00e8res &#x1f347;&#x1f377; Mir w\u00ebllen eisem Sponsor Les R\u00eaves de Rasigu\u00e8res e grousse Merci ausdr\u00e9cken fir hiren aussergew\u00e9inlechen Support vun de Gladbacher Fohlen L\u00ebtzebuerg. Mat hirer H\u00ebllef k\u00ebnne mir eise Fanclub weider ausbauen a spannend Aktivit\u00e9iten organis\u00e9ieren &#x1f389;&#x26bd;. **Les R\u00eaves de Rasigu\u00e8res** steet fir **Passioun** &#x2764;&#xfe0f;, **Qualit\u00e9it** &#x1f377; an **Traditioun** &#x1f4dc;, an h\u00eblleft [&hellip;]<\/p>\n","protected":false},"author":3,"featured_media":0,"parent":0,"menu_order":0,"comment_status":"closed","ping_status":"closed","template":"","meta":{"footnotes":""},"_links":{"self":[{"href":"https:\/\/borussia.lu\/index.php?rest_route=\/wp\/v2\/pages\/104918"}],"collection":[{"href":"https:\/\/borussia.lu\/index.php?rest_route=\/wp\/v2\/pages"}],"about":[{"href":"https:\/\/borussia.lu\/index.php?rest_route=\/wp\/v2\/types\/page"}],"author":[{"embeddable":true,"href":"https:\/\/borussia.lu\/index.php?rest_route=\/wp\/v2\/users\/3"}],"replies":[{"embeddable":true,"href":"https:\/\/borussia.lu\/index.php?rest_route=%2Fwp%2Fv2%2Fcomments&post=104918"}],"version-history":[{"count":3,"href":"https:\/\/borussia.lu\/index.php?rest_route=\/wp\/v2\/pages\/104918\/revisions"}],"predecessor-version":[{"id":104942,"href":"https:\/\/borussia.lu\/index.php?rest_route=\/wp\/v2\/pages\/104918\/revisions\/104942"}],"wp:attachment":[{"href":"https:\/\/borussia.lu\/index.php?rest_route=%2Fwp%2Fv2%2Fmedia&parent=104918"}],"curies":[{"name":"wp","href":"https:\/\/api.w.org\/{rel}","templated":true}]}}