{"id":104913,"date":"2025-07-21T00:56:53","date_gmt":"2025-07-20T23:56:53","guid":{"rendered":"https:\/\/borussia.lu\/?page_id=104913"},"modified":"2025-07-21T09:03:58","modified_gmt":"2025-07-21T08:03:58","slug":"boucherie-kaiffer","status":"publish","type":"page","link":"https:\/\/borussia.lu\/?page_id=104913","title":{"rendered":"Boucherie Kaiffer"},"content":{"rendered":"\n<figure class=\"wp-block-image size-full\"><a href=\"https:\/\/www.kaiffer-sarl.lu\"><img loading=\"lazy\" decoding=\"async\" width=\"219\" height=\"230\" src=\"https:\/\/borussia.lu\/wp-content\/uploads\/2025\/07\/image-2.png\" alt=\"\" class=\"wp-image-104914\"\/><\/a><\/figure>\n\n\n\n<p><\/p>\n\n\n\n<h2 class=\"wp-block-heading\">Boucherie Kaiffer &#x1f969;&#x1f52a;<\/h2>\n\n\n\n<p>Mir soen eisem Sponsor der <strong>Boucherie Kaiffer<\/strong> e grousse Merci &#x1f64f; fir hiren engag\u00e9ierten Support vum <strong>Gladbacher Fohlen L\u00ebtzebuerg<\/strong>. Mat hirer H\u00ebllef k\u00ebnne mir eis Aktivit\u00e9iten organis\u00e9ieren a fir eis Fans eng super Z\u00e4it erliewen.<\/p>\n\n\n\n<p>D\u2019Boucherie Kaiffer steet fir Qualit\u00e9it &#x2b50;, Traditioun &#x1f4dc; an Engagement &#x1f91d; an ass e w\u00e4ertvolle Partner fir eis Gemeinschaft.<\/p>\n\n\n\n<p>Merci fir d\u2019Zesummenaarbecht a fir de W\u00ebllen, eis Rees mat eis ze deelen!<\/p>\n\n\n\n<p><strong>N\u00ebmmen Fohlen!<\/strong>&nbsp;&#x26bd;&#x1f434;&#x1f49a;<\/p>\n\n\n\n<hr class=\"wp-block-separator has-alpha-channel-opacity\"\/>\n\n\n\n<p>Wann Dir och Sponsor w\u00ebllt ginn, kontakt\u00e9iert eis g\u00e4r:<br>&#x1f4e7;&nbsp;<a href=\"mailto:borussia@borussia.lu\">borussia@borussia.lu<\/a><\/p>\n","protected":false},"excerpt":{"rendered":"<p>Boucherie Kaiffer &#x1f969;&#x1f52a; Mir soen eisem Sponsor der Boucherie Kaiffer e grousse Merci &#x1f64f; fir hiren engag\u00e9ierten Support vum Gladbacher Fohlen L\u00ebtzebuerg. Mat hirer H\u00ebllef k\u00ebnne mir eis Aktivit\u00e9iten organis\u00e9ieren a fir eis Fans eng super Z\u00e4it erliewen. D\u2019Boucherie Kaiffer steet fir Qualit\u00e9it &#x2b50;, Traditioun &#x1f4dc; an Engagement &#x1f91d; an ass e w\u00e4ertvolle Partner fir [&hellip;]<\/p>\n","protected":false},"author":3,"featured_media":0,"parent":0,"menu_order":0,"comment_status":"closed","ping_status":"closed","template":"","meta":{"footnotes":""},"_links":{"self":[{"href":"https:\/\/borussia.lu\/index.php?rest_route=\/wp\/v2\/pages\/104913"}],"collection":[{"href":"https:\/\/borussia.lu\/index.php?rest_route=\/wp\/v2\/pages"}],"about":[{"href":"https:\/\/borussia.lu\/index.php?rest_route=\/wp\/v2\/types\/page"}],"author":[{"embeddable":true,"href":"https:\/\/borussia.lu\/index.php?rest_route=\/wp\/v2\/users\/3"}],"replies":[{"embeddable":true,"href":"https:\/\/borussia.lu\/index.php?rest_route=%2Fwp%2Fv2%2Fcomments&post=104913"}],"version-history":[{"count":3,"href":"https:\/\/borussia.lu\/index.php?rest_route=\/wp\/v2\/pages\/104913\/revisions"}],"predecessor-version":[{"id":104941,"href":"https:\/\/borussia.lu\/index.php?rest_route=\/wp\/v2\/pages\/104913\/revisions\/104941"}],"wp:attachment":[{"href":"https:\/\/borussia.lu\/index.php?rest_route=%2Fwp%2Fv2%2Fmedia&parent=104913"}],"curies":[{"name":"wp","href":"https:\/\/api.w.org\/{rel}","templated":true}]}}