{"id":104889,"date":"2025-07-21T00:25:30","date_gmt":"2025-07-20T23:25:30","guid":{"rendered":"https:\/\/borussia.lu\/?page_id=104889"},"modified":"2025-07-21T09:02:34","modified_gmt":"2025-07-21T08:02:34","slug":"demy-schandeler","status":"publish","type":"page","link":"https:\/\/borussia.lu\/?page_id=104889","title":{"rendered":"Demy Schandeler"},"content":{"rendered":"\n<p><\/p>\n\n\n\n<figure class=\"wp-block-image size-full\"><img loading=\"lazy\" decoding=\"async\" width=\"500\" height=\"333\" src=\"http:\/\/borussia.lu\/wp-content\/uploads\/2024\/07\/6c979b968365c1e4e860dc84f95a77952d72442f.jpeg\" alt=\"\" class=\"wp-image-104674\"\/><\/figure>\n\n\n\n<figure class=\"wp-block-image size-full\"><a href=\"https:\/\/www.demy.lu\/\"><img loading=\"lazy\" decoding=\"async\" width=\"483\" height=\"104\" src=\"http:\/\/borussia.lu\/wp-content\/uploads\/2024\/07\/Demy-Schandeler.png\" alt=\"\" class=\"wp-image-104675\"\/><\/a><\/figure>\n\n\n\n<p><\/p>\n\n\n\n<p><\/p>\n\n\n\n<p>Mir soen eisem Sponsor dem\u00a0<strong>Demy Schandeler<\/strong>\u00a0e grousse Merci fir s\u00e4i aussergew\u00e9inlecht Engagement a seng Generosit\u00e9it fir d&#8216;<strong>Gladbacher Fohlen L\u00ebtzebuerg<\/strong>. Seng \u00cbnnerst\u00ebtzung ass net n\u00ebmmen e finanzielle Plus, mee och eng Inspiratioun fir eis ganz Gemeinschaft.<\/p>\n\n\n\n<p>Demy Schandeler st\u00e9isst mat senger Haltung op d\u2019W\u00e4erter vum Club:<br><strong>Zesummenhalt &#x1f91d;, Passion &#x2764;&#xfe0f; a Loyalit\u00e9it &#x1f434;.<\/strong><\/p>\n\n\n\n<p>Mat sengem Beispill motiv\u00e9iert hien eis, eis Ambitiounen ze verfollegen an eis L\u00e9ift fir de Fussball mat Freed a Respekt ze liewen.<\/p>\n\n\n\n<p>Mir sinn houfreg, esou en engag\u00e9ierte Partner un eiser S\u00e4it ze hunn!<\/p>\n\n\n\n<p><strong><em>N\u00ebmmen Fohlen!<\/em><\/strong>\u00a0&#x1f49a;<\/p>\n\n\n\n<hr class=\"wp-block-separator has-alpha-channel-opacity\"\/>\n\n\n\n<p>Wann Dir och Sponsor w\u00ebllt ginn, kontakt\u00e9iert eis g\u00e4r:<br>&#x1f4e7;&nbsp;<a href=\"mailto:borussia@borussia.lu\" data-type=\"mailto\" data-id=\"mailto:borussia@borussia.lu\">borussia@borussia.lu<\/a><\/p>\n","protected":false},"excerpt":{"rendered":"<p>Mir soen eisem Sponsor dem\u00a0Demy Schandeler\u00a0e grousse Merci fir s\u00e4i aussergew\u00e9inlecht Engagement a seng Generosit\u00e9it fir d&#8216;Gladbacher Fohlen L\u00ebtzebuerg. Seng \u00cbnnerst\u00ebtzung ass net n\u00ebmmen e finanzielle Plus, mee och eng Inspiratioun fir eis ganz Gemeinschaft. Demy Schandeler st\u00e9isst mat senger Haltung op d\u2019W\u00e4erter vum Club:Zesummenhalt &#x1f91d;, Passion &#x2764;&#xfe0f; a Loyalit\u00e9it &#x1f434;. Mat sengem Beispill motiv\u00e9iert [&hellip;]<\/p>\n","protected":false},"author":3,"featured_media":0,"parent":0,"menu_order":0,"comment_status":"closed","ping_status":"closed","template":"","meta":{"footnotes":""},"_links":{"self":[{"href":"https:\/\/borussia.lu\/index.php?rest_route=\/wp\/v2\/pages\/104889"}],"collection":[{"href":"https:\/\/borussia.lu\/index.php?rest_route=\/wp\/v2\/pages"}],"about":[{"href":"https:\/\/borussia.lu\/index.php?rest_route=\/wp\/v2\/types\/page"}],"author":[{"embeddable":true,"href":"https:\/\/borussia.lu\/index.php?rest_route=\/wp\/v2\/users\/3"}],"replies":[{"embeddable":true,"href":"https:\/\/borussia.lu\/index.php?rest_route=%2Fwp%2Fv2%2Fcomments&post=104889"}],"version-history":[{"count":11,"href":"https:\/\/borussia.lu\/index.php?rest_route=\/wp\/v2\/pages\/104889\/revisions"}],"predecessor-version":[{"id":104940,"href":"https:\/\/borussia.lu\/index.php?rest_route=\/wp\/v2\/pages\/104889\/revisions\/104940"}],"wp:attachment":[{"href":"https:\/\/borussia.lu\/index.php?rest_route=%2Fwp%2Fv2%2Fmedia&parent=104889"}],"curies":[{"name":"wp","href":"https:\/\/api.w.org\/{rel}","templated":true}]}}