{"id":104813,"date":"2025-07-20T22:53:05","date_gmt":"2025-07-20T21:53:05","guid":{"rendered":"https:\/\/borussia.lu\/?page_id=104813"},"modified":"2025-07-21T08:49:08","modified_gmt":"2025-07-21T07:49:08","slug":"mir-sichen-dech","status":"publish","type":"page","link":"https:\/\/borussia.lu\/?page_id=104813","title":{"rendered":"Mir sichen dech!"},"content":{"rendered":"\n<h1 class=\"wp-block-heading\">W\u00eblls du am Comit\u00e9 matmaachen?<\/h1>\n\n\n\n<p>L\u00e9iwen Member,<\/p>\n\n\n\n<p>hues du Loscht, dech m\u00e9i aktiv bai de <strong>Gladbacher Fohlen L\u00ebtzebuerg<\/strong>\u00a0anzebr\u00e9ngen? W\u00eblls du d\u2019Zukunft vun eisem Fanclub matgestalten an den Esprit vun eiser Gemeinschaft nach m\u00e9i st\u00e4erken?<\/p>\n\n\n\n<p>Dann ass d\u2019Comit\u00e9 genau dat richtegt fir dech! Mir sichen \u00ebmmer engag\u00e9iert Membere, d\u00e9i mat Energie, Iddien a L\u00e9ift fir d\u2019Fohlen dob\u00e4i sinn.<\/p>\n\n\n\n<hr class=\"wp-block-separator has-alpha-channel-opacity\"\/>\n\n\n\n<h2 class=\"wp-block-heading\">Wat erwaart dech am Comit\u00e9?<\/h2>\n\n\n\n<ul>\n<li>D\u2019Organisatioun vu Fanaktivit\u00e9iten an Eventer <\/li>\n\n\n\n<li>D\u2019Vetriedung vum Club no baussen<\/li>\n\n\n\n<li>D&#8217;Gemeinschaft st\u00e4erken<\/li>\n\n\n\n<li>D\u00e9i M\u00e9iglechkeet, vill Spaass an engem super Team ze hunn<\/li>\n<\/ul>\n\n\n\n<hr class=\"wp-block-separator has-alpha-channel-opacity\"\/>\n\n\n\n<h2 class=\"wp-block-heading\">W\u00e9i kanns de matmaachen?<\/h2>\n\n\n\n<p>Sch\u00e9ck eis einfach eng Noriicht op <a href=\"mailto:borussia@borussia.lu\" data-type=\"mailto\" data-id=\"mailto:\">borussia@borussia.lu<\/a>. Mir erkl\u00e4ren der alles Weider a free\u00ebn eis op deng Iddi an d\u00e4i Fr\u00e4iw\u00ebllegen Asaz.<\/p>\n\n\n\n<p><em>&#x1f49a;&#x26aa; Gladbacher Fohlen L\u00ebtzebuerg \u2013 Mat Stolz an Leidenschaft!<\/em><\/p>\n\n\n\n<p><em>Nemmen d&#8217;Fohlen !&#x1f49a;<\/em><\/p>\n","protected":false},"excerpt":{"rendered":"<p>W\u00eblls du am Comit\u00e9 matmaachen? L\u00e9iwen Member, hues du Loscht, dech m\u00e9i aktiv bai de Gladbacher Fohlen L\u00ebtzebuerg\u00a0anzebr\u00e9ngen? W\u00eblls du d\u2019Zukunft vun eisem Fanclub matgestalten an den Esprit vun eiser Gemeinschaft nach m\u00e9i st\u00e4erken? Dann ass d\u2019Comit\u00e9 genau dat richtegt fir dech! Mir sichen \u00ebmmer engag\u00e9iert Membere, d\u00e9i mat Energie, Iddien a L\u00e9ift fir d\u2019Fohlen [&hellip;]<\/p>\n","protected":false},"author":3,"featured_media":0,"parent":0,"menu_order":0,"comment_status":"closed","ping_status":"closed","template":"","meta":{"footnotes":""},"_links":{"self":[{"href":"https:\/\/borussia.lu\/index.php?rest_route=\/wp\/v2\/pages\/104813"}],"collection":[{"href":"https:\/\/borussia.lu\/index.php?rest_route=\/wp\/v2\/pages"}],"about":[{"href":"https:\/\/borussia.lu\/index.php?rest_route=\/wp\/v2\/types\/page"}],"author":[{"embeddable":true,"href":"https:\/\/borussia.lu\/index.php?rest_route=\/wp\/v2\/users\/3"}],"replies":[{"embeddable":true,"href":"https:\/\/borussia.lu\/index.php?rest_route=%2Fwp%2Fv2%2Fcomments&post=104813"}],"version-history":[{"count":3,"href":"https:\/\/borussia.lu\/index.php?rest_route=\/wp\/v2\/pages\/104813\/revisions"}],"predecessor-version":[{"id":104931,"href":"https:\/\/borussia.lu\/index.php?rest_route=\/wp\/v2\/pages\/104813\/revisions\/104931"}],"wp:attachment":[{"href":"https:\/\/borussia.lu\/index.php?rest_route=%2Fwp%2Fv2%2Fmedia&parent=104813"}],"curies":[{"name":"wp","href":"https:\/\/api.w.org\/{rel}","templated":true}]}}