{"id":104772,"date":"2024-07-10T09:00:59","date_gmt":"2024-07-10T08:00:59","guid":{"rendered":"https:\/\/borussia.lu\/?page_id=104772"},"modified":"2024-07-10T09:00:59","modified_gmt":"2024-07-10T08:00:59","slug":"nickels-silke-an-comite-member","status":"publish","type":"page","link":"https:\/\/borussia.lu\/?page_id=104772","title":{"rendered":"Nickels Silke (an. Comit\u00e9 Member)"},"content":{"rendered":"\n<figure class=\"wp-block-image size-large is-resized\"><img loading=\"lazy\" decoding=\"async\" width=\"687\" height=\"1024\" src=\"http:\/\/borussia.lu\/wp-content\/uploads\/2016\/03\/SILKE-687x1024.jpg\" alt=\"\" class=\"wp-image-476\" style=\"width:415px;height:auto\" srcset=\"https:\/\/borussia.lu\/wp-content\/uploads\/2016\/03\/SILKE-687x1024.jpg 687w, https:\/\/borussia.lu\/wp-content\/uploads\/2016\/03\/SILKE-600x895.jpg 600w, https:\/\/borussia.lu\/wp-content\/uploads\/2016\/03\/SILKE-201x300.jpg 201w, https:\/\/borussia.lu\/wp-content\/uploads\/2016\/03\/SILKE-768x1145.jpg 768w\" sizes=\"(max-width: 687px) 100vw, 687px\" \/><\/figure>\n\n\n\n<p><\/p>\n\n\n\n<p>Mir hunn d\u00e9i traureg Pflicht Iech iwwer den Dout vun eisem ancien Comit\u00e9 Member NICKELS Silke matzedeelen!<\/p>\n\n\n\n<p>Silke, een eemoolege M\u00ebnsch! Mir w\u00e4erten dech an den gudd S\u00e9ihl ni vergiessen! Du haas a schw\u00e9ieren Zaiten \u00ebmmer een gudd Wuert fir een an wars emmer do wann Nout um Mann war! Mir sinn frou dass du een Deel vun eis wars an dass mir dech hunn dierfe k\u00ebnne l\u00e9ieren!<\/p>\n\n\n\n<p>Merci fir dain onermiddlechen Asaatz! <\/p>\n\n\n\n<p>R.I.P NICKELS Silke (ancien Comit\u00e9-Member)<\/p>\n","protected":false},"excerpt":{"rendered":"<p>Mir hunn d\u00e9i traureg Pflicht Iech iwwer den Dout vun eisem ancien Comit\u00e9 Member NICKELS Silke matzedeelen! Silke, een eemoolege M\u00ebnsch! Mir w\u00e4erten dech an den gudd S\u00e9ihl ni vergiessen! Du haas a schw\u00e9ieren Zaiten \u00ebmmer een gudd Wuert fir een an wars emmer do wann Nout um Mann war! Mir sinn frou dass du [&hellip;]<\/p>\n","protected":false},"author":3,"featured_media":0,"parent":0,"menu_order":0,"comment_status":"closed","ping_status":"closed","template":"","meta":{"footnotes":""},"_links":{"self":[{"href":"https:\/\/borussia.lu\/index.php?rest_route=\/wp\/v2\/pages\/104772"}],"collection":[{"href":"https:\/\/borussia.lu\/index.php?rest_route=\/wp\/v2\/pages"}],"about":[{"href":"https:\/\/borussia.lu\/index.php?rest_route=\/wp\/v2\/types\/page"}],"author":[{"embeddable":true,"href":"https:\/\/borussia.lu\/index.php?rest_route=\/wp\/v2\/users\/3"}],"replies":[{"embeddable":true,"href":"https:\/\/borussia.lu\/index.php?rest_route=%2Fwp%2Fv2%2Fcomments&post=104772"}],"version-history":[{"count":1,"href":"https:\/\/borussia.lu\/index.php?rest_route=\/wp\/v2\/pages\/104772\/revisions"}],"predecessor-version":[{"id":104773,"href":"https:\/\/borussia.lu\/index.php?rest_route=\/wp\/v2\/pages\/104772\/revisions\/104773"}],"wp:attachment":[{"href":"https:\/\/borussia.lu\/index.php?rest_route=%2Fwp%2Fv2%2Fmedia&parent=104772"}],"curies":[{"name":"wp","href":"https:\/\/api.w.org\/{rel}","templated":true}]}}