{"id":104749,"date":"2024-07-09T10:19:28","date_gmt":"2024-07-09T09:19:28","guid":{"rendered":"https:\/\/borussia.lu\/?page_id=104749"},"modified":"2025-07-21T09:43:36","modified_gmt":"2025-07-21T08:43:36","slug":"generalversammlung-saison-2023-2024","status":"publish","type":"page","link":"https:\/\/borussia.lu\/?page_id=104749","title":{"rendered":"Generalversammlung 2023-2024"},"content":{"rendered":"\n<figure class=\"wp-block-gallery has-nested-images columns-default is-cropped wp-block-gallery-1 is-layout-flex wp-block-gallery-is-layout-flex\">\n<figure class=\"wp-block-image size-large\"><img loading=\"lazy\" decoding=\"async\" width=\"768\" height=\"1024\" data-id=\"104750\" src=\"https:\/\/borussia.lu\/wp-content\/uploads\/2024\/07\/IMG_2980-Gross-768x1024.jpeg\" alt=\"\" class=\"wp-image-104750\" srcset=\"https:\/\/borussia.lu\/wp-content\/uploads\/2024\/07\/IMG_2980-Gross-768x1024.jpeg 768w, https:\/\/borussia.lu\/wp-content\/uploads\/2024\/07\/IMG_2980-Gross-375x500.jpeg 375w, https:\/\/borussia.lu\/wp-content\/uploads\/2024\/07\/IMG_2980-Gross-900x1200.jpeg 900w, https:\/\/borussia.lu\/wp-content\/uploads\/2024\/07\/IMG_2980-Gross.jpeg 960w\" sizes=\"(max-width: 768px) 100vw, 768px\" \/><\/figure>\n\n\n\n<figure class=\"wp-block-image size-large\"><img loading=\"lazy\" decoding=\"async\" width=\"1024\" height=\"768\" data-id=\"104752\" src=\"https:\/\/borussia.lu\/wp-content\/uploads\/2024\/07\/IMG_2990-Gross-1024x768.jpeg\" alt=\"\" class=\"wp-image-104752\" srcset=\"https:\/\/borussia.lu\/wp-content\/uploads\/2024\/07\/IMG_2990-Gross-1024x768.jpeg 1024w, https:\/\/borussia.lu\/wp-content\/uploads\/2024\/07\/IMG_2990-Gross-500x375.jpeg 500w, https:\/\/borussia.lu\/wp-content\/uploads\/2024\/07\/IMG_2990-Gross-768x576.jpeg 768w, https:\/\/borussia.lu\/wp-content\/uploads\/2024\/07\/IMG_2990-Gross-900x675.jpeg 900w, https:\/\/borussia.lu\/wp-content\/uploads\/2024\/07\/IMG_2990-Gross.jpeg 1280w\" sizes=\"(max-width: 1024px) 100vw, 1024px\" \/><\/figure>\n\n\n\n<figure class=\"wp-block-image size-large\"><img loading=\"lazy\" decoding=\"async\" width=\"768\" height=\"1024\" data-id=\"104758\" src=\"https:\/\/borussia.lu\/wp-content\/uploads\/2024\/07\/d479b84c-0723-4864-9ccd-432a5ea7c9d0-768x1024.jpg\" alt=\"\" class=\"wp-image-104758\" srcset=\"https:\/\/borussia.lu\/wp-content\/uploads\/2024\/07\/d479b84c-0723-4864-9ccd-432a5ea7c9d0-768x1024.jpg 768w, https:\/\/borussia.lu\/wp-content\/uploads\/2024\/07\/d479b84c-0723-4864-9ccd-432a5ea7c9d0-375x500.jpg 375w, https:\/\/borussia.lu\/wp-content\/uploads\/2024\/07\/d479b84c-0723-4864-9ccd-432a5ea7c9d0-1152x1536.jpg 1152w, https:\/\/borussia.lu\/wp-content\/uploads\/2024\/07\/d479b84c-0723-4864-9ccd-432a5ea7c9d0-900x1200.jpg 900w, https:\/\/borussia.lu\/wp-content\/uploads\/2024\/07\/d479b84c-0723-4864-9ccd-432a5ea7c9d0.jpg 1200w\" sizes=\"(max-width: 768px) 100vw, 768px\" \/><\/figure>\n\n\n\n<figure class=\"wp-block-image size-large\"><img loading=\"lazy\" decoding=\"async\" width=\"1024\" height=\"768\" data-id=\"104751\" src=\"https:\/\/borussia.lu\/wp-content\/uploads\/2024\/07\/IMG_2987-Gross-1024x768.jpeg\" alt=\"\" class=\"wp-image-104751\" srcset=\"https:\/\/borussia.lu\/wp-content\/uploads\/2024\/07\/IMG_2987-Gross-1024x768.jpeg 1024w, https:\/\/borussia.lu\/wp-content\/uploads\/2024\/07\/IMG_2987-Gross-500x375.jpeg 500w, https:\/\/borussia.lu\/wp-content\/uploads\/2024\/07\/IMG_2987-Gross-768x576.jpeg 768w, https:\/\/borussia.lu\/wp-content\/uploads\/2024\/07\/IMG_2987-Gross-900x675.jpeg 900w, https:\/\/borussia.lu\/wp-content\/uploads\/2024\/07\/IMG_2987-Gross.jpeg 1280w\" sizes=\"(max-width: 1024px) 100vw, 1024px\" \/><\/figure>\n<\/figure>\n\n\n\n<p><\/p>\n\n\n\n<p>Den 08 Juli 2024 haate mir eis Generalversammlung zu Esch-Uelzecht an eisem Fanlokal.<\/p>\n\n\n\n<p>No enger Gedenkminutt fir eis verstuerwen Memberen a Fr\u00ebnn sinn niewend dem Bilan vun der Saison 2023-2024, de Budget an d&#8217;Projeten fir d&#8217;Saison 2024-2025 virgestallt ginn.<\/p>\n\n\n\n<p>Doniewend sinn zou aussergew\u00e9inlech Leeschtungen geeiert ginn!<\/p>\n\n\n\n<ul>\n<li>D&#8217;BARBAROSSA Aurora krut hier Auszeechnung fir 20 Joer Keesserevisoun. Mir sin dir dankbar fir deng genial Aarbescht d\u00e9is du all d\u00e9i Jo\u00ebr fir den Klub gemaach hues!! <\/li>\n<\/ul>\n\n\n\n<p><\/p>\n\n\n\n<ul>\n<li>Den HUBERTY Nico an seng wonnerbar Fra, eist Ria kruten hier Auszeechnung fir 50 Joer Bestiednis. Mir w\u00ebnschen Iech zwee alles guddes!<\/li>\n<\/ul>\n\n\n\n<p>Noom offiziellen Deel ass et dunn mam Eierepatt zum Oofschloss komm. <\/p>\n\n\n\n<p><\/p>\n\n\n\n<p>D&#8217;Gladbacher Fohlen soen jidderengem Merci fir d&#8217;Saison 2023-2024 an mir freeen eis elo schonn op d\u00e9i nei Saison!<\/p>\n","protected":false},"excerpt":{"rendered":"<p>Den 08 Juli 2024 haate mir eis Generalversammlung zu Esch-Uelzecht an eisem Fanlokal. No enger Gedenkminutt fir eis verstuerwen Memberen a Fr\u00ebnn sinn niewend dem Bilan vun der Saison 2023-2024, de Budget an d&#8217;Projeten fir d&#8217;Saison 2024-2025 virgestallt ginn. Doniewend sinn zou aussergew\u00e9inlech Leeschtungen geeiert ginn! Noom offiziellen Deel ass et dunn mam Eierepatt zum [&hellip;]<\/p>\n","protected":false},"author":3,"featured_media":0,"parent":0,"menu_order":0,"comment_status":"closed","ping_status":"closed","template":"","meta":{"footnotes":""},"_links":{"self":[{"href":"https:\/\/borussia.lu\/index.php?rest_route=\/wp\/v2\/pages\/104749"}],"collection":[{"href":"https:\/\/borussia.lu\/index.php?rest_route=\/wp\/v2\/pages"}],"about":[{"href":"https:\/\/borussia.lu\/index.php?rest_route=\/wp\/v2\/types\/page"}],"author":[{"embeddable":true,"href":"https:\/\/borussia.lu\/index.php?rest_route=\/wp\/v2\/users\/3"}],"replies":[{"embeddable":true,"href":"https:\/\/borussia.lu\/index.php?rest_route=%2Fwp%2Fv2%2Fcomments&post=104749"}],"version-history":[{"count":6,"href":"https:\/\/borussia.lu\/index.php?rest_route=\/wp\/v2\/pages\/104749\/revisions"}],"predecessor-version":[{"id":104983,"href":"https:\/\/borussia.lu\/index.php?rest_route=\/wp\/v2\/pages\/104749\/revisions\/104983"}],"wp:attachment":[{"href":"https:\/\/borussia.lu\/index.php?rest_route=%2Fwp%2Fv2%2Fmedia&parent=104749"}],"curies":[{"name":"wp","href":"https:\/\/api.w.org\/{rel}","templated":true}]}}