{"id":104673,"date":"2024-07-03T16:38:08","date_gmt":"2024-07-03T15:38:08","guid":{"rendered":"https:\/\/borussia.lu\/?page_id=104673"},"modified":"2025-07-21T08:51:10","modified_gmt":"2025-07-21T07:51:10","slug":"sponsoring-2023-2024","status":"publish","type":"page","link":"https:\/\/borussia.lu\/?page_id=104673","title":{"rendered":"&#x1f91d; Sponsoring 2025 &#8211; 2026"},"content":{"rendered":"\n<h2 class=\"wp-block-heading\">Zesumme fir eis Fohlen \u2013 Sponsoring mat H\u00e4erz<\/h2>\n\n\n\n<p>Mir si kee groussen Industriever\u00e4in. Mir si Fans. Mat L\u00e9ift, Engagement a Stolz op eisem Club:<br><strong>Gladbacher Fohlen L\u00ebtzebuerg.<\/strong><\/p>\n\n\n\n<p>A mir sichen&nbsp;<strong>Partner, d\u00e9i mat eis zesumme stinn<\/strong>.<\/p>\n\n\n\n<p>Wann dir \u00c4r Firma&nbsp;<strong>g\u00e4ren no beim M\u00ebnsch position\u00e9iert<\/strong>, lokal Pr\u00e4senz w\u00ebllt weisen an&nbsp;<strong>e St\u00e9ck Fussballleidenschaft deele w\u00ebllt<\/strong>, da sidd dir bei eis genau richteg.<\/p>\n\n\n\n<hr class=\"wp-block-separator has-alpha-channel-opacity\"\/>\n\n\n\n<h3 class=\"wp-block-heading\">Wat bedeit et, eise Club ze \u00ebnnerst\u00ebtzen?<\/h3>\n\n\n\n<ul>\n<li><strong>Dir sidd Deel vun eiser Fanwelt<\/strong>&nbsp;\u2013 mat Eventer, Matcher, Reesen a villem m\u00e9i<\/li>\n\n\n\n<li><strong>\u00c4re Logo oder Numm<\/strong>&nbsp;ersch\u00e9ngt op Flyer, Affichen, Online a beim Fanlokal<\/li>\n\n\n\n<li><strong>\u00c4re Betrib g\u00ebtt verbonne mat Authentizit\u00e9it, Zesummenhalt a Lokalverbonnenheet<\/strong><\/li>\n\n\n\n<li>Dir \u00ebnnerst\u00ebtzt&nbsp;<strong>fr\u00e4iw\u00eblleg Aarbecht<\/strong>&nbsp;an&nbsp;<strong>Fankultur zu L\u00ebtzebuerg<\/strong><\/li>\n<\/ul>\n\n\n\n<hr class=\"wp-block-separator has-alpha-channel-opacity\"\/>\n\n\n\n<h3 class=\"wp-block-heading\">Wat kritt dir zer\u00e9ck?<\/h3>\n\n\n\n<ul>\n<li><strong>Visibilit\u00e9it<\/strong>&nbsp;bei eisen Aktivit\u00e9iten a Communicatiounskan\u00e4l<\/li>\n\n\n\n<li><strong>Wuelw\u00ebllen a Sympathie<\/strong>&nbsp;vun enger treier Gemeinschaft<\/li>\n\n\n\n<li><strong>Eng Plaz bei eiser Famill<\/strong>&nbsp;\u2013 wann dir w\u00ebllt, mat Live-Matcher, Club-Owenter a m\u00e9i<\/li>\n<\/ul>\n\n\n\n<hr class=\"wp-block-separator has-alpha-channel-opacity\"\/>\n\n\n\n<h3 class=\"wp-block-heading\">&#x1f4e8; Losst eis schw\u00e4tzen!<\/h3>\n\n\n\n<p>Mir stellen Iech g\u00e4ren\u00a0<strong>eng individuell Partnerschaft<\/strong>\u00a0zesummen.<br>Kontakt\u00e9iert eis:<br>&#x1f4e7;\u00a0<strong><a href=\"mailto:borussia@borussia.lu\" data-type=\"mailto\" data-id=\"mailto:\">borussia@borussia.lu<\/a><\/strong><\/p>\n\n\n\n<p>Mir free\u00ebn eis op eng zolidd Zesummenaarbecht \u2013&nbsp;<strong>vun Fans, fir Partner mat Charakter.<\/strong><\/p>\n\n\n\n<hr class=\"wp-block-separator has-alpha-channel-opacity\"\/>\n\n\n\n<p>&#x1f49a;&nbsp;<em>M\u00e9i w\u00e9i just Fussball. M\u00e9i w\u00e9i just Reklamm. Zesummen Fohlen!<\/em><\/p>\n\n\n\n<p><br><em>N\u00ebmmen d\u2019Fohlen!<\/em><\/p>\n\n\n\n<p><strong>DEMY SCHANDELER<\/strong><\/p>\n\n\n<div class=\"wp-block-image\">\n<figure class=\"aligncenter size-full is-resized\"><img loading=\"lazy\" decoding=\"async\" width=\"500\" height=\"333\" src=\"http:\/\/borussia.lu\/wp-content\/uploads\/2024\/07\/6c979b968365c1e4e860dc84f95a77952d72442f.jpeg\" alt=\"\" class=\"wp-image-104674\" style=\"width:776px;height:auto\"\/><\/figure><\/div>\n\n\n<ul class=\"wp-block-social-links has-large-icon-size is-layout-flex wp-block-social-links-is-layout-flex\"><li class=\"wp-social-link wp-social-link-chain  wp-block-social-link\"><a href=\"https:\/\/www.demy.lu\/de\/\" class=\"wp-block-social-link-anchor\"><svg width=\"24\" height=\"24\" viewBox=\"0 0 24 24\" version=\"1.1\" xmlns=\"http:\/\/www.w3.org\/2000\/svg\" aria-hidden=\"true\" focusable=\"false\"><path d=\"M15.6,7.2H14v1.5h1.6c2,0,3.7,1.7,3.7,3.7s-1.7,3.7-3.7,3.7H14v1.5h1.6c2.8,0,5.2-2.3,5.2-5.2,0-2.9-2.3-5.2-5.2-5.2zM4.7,12.4c0-2,1.7-3.7,3.7-3.7H10V7.2H8.4c-2.9,0-5.2,2.3-5.2,5.2,0,2.9,2.3,5.2,5.2,5.2H10v-1.5H8.4c-2,0-3.7-1.7-3.7-3.7zm4.6.9h5.3v-1.5H9.3v1.5z\"><\/path><\/svg><span class=\"wp-block-social-link-label screen-reader-text\">Link<\/span><\/a><\/li>\n\n<li class=\"wp-social-link wp-social-link-facebook  wp-block-social-link\"><a href=\"https:\/\/www.facebook.com\/dschandeler\" class=\"wp-block-social-link-anchor\"><svg width=\"24\" height=\"24\" viewBox=\"0 0 24 24\" version=\"1.1\" xmlns=\"http:\/\/www.w3.org\/2000\/svg\" aria-hidden=\"true\" focusable=\"false\"><path d=\"M12 2C6.5 2 2 6.5 2 12c0 5 3.7 9.1 8.4 9.9v-7H7.9V12h2.5V9.8c0-2.5 1.5-3.9 3.8-3.9 1.1 0 2.2.2 2.2.2v2.5h-1.3c-1.2 0-1.6.8-1.6 1.6V12h2.8l-.4 2.9h-2.3v7C18.3 21.1 22 17 22 12c0-5.5-4.5-10-10-10z\"><\/path><\/svg><span class=\"wp-block-social-link-label screen-reader-text\">Facebook<\/span><\/a><\/li><\/ul>\n\n\n\n<p><\/p>\n\n\n\n<p><\/p>\n\n\n<div class=\"wp-block-image\">\n<figure class=\"aligncenter size-full is-resized\"><img loading=\"lazy\" decoding=\"async\" width=\"483\" height=\"104\" src=\"http:\/\/borussia.lu\/wp-content\/uploads\/2024\/07\/Demy-Schandeler.png\" alt=\"\" class=\"wp-image-104675\" style=\"width:641px;height:auto\"\/><\/figure><\/div>\n\n\n<p><\/p>\n\n\n\n<p><\/p>\n\n\n\n<p><strong>LES R\u00caVES DE RASIGU\u00c8RES<\/strong><\/p>\n\n\n\n<figure class=\"wp-block-image size-large is-resized\"><img loading=\"lazy\" decoding=\"async\" width=\"1024\" height=\"455\" src=\"http:\/\/borussia.lu\/wp-content\/uploads\/2024\/07\/274299211_609513893476832_2723008532578789347_n-1024x455.png\" alt=\"\" class=\"wp-image-104676\" style=\"width:645px;height:auto\" srcset=\"https:\/\/borussia.lu\/wp-content\/uploads\/2024\/07\/274299211_609513893476832_2723008532578789347_n-1024x455.png 1024w, https:\/\/borussia.lu\/wp-content\/uploads\/2024\/07\/274299211_609513893476832_2723008532578789347_n-500x222.png 500w, https:\/\/borussia.lu\/wp-content\/uploads\/2024\/07\/274299211_609513893476832_2723008532578789347_n-768x341.png 768w, https:\/\/borussia.lu\/wp-content\/uploads\/2024\/07\/274299211_609513893476832_2723008532578789347_n-900x400.png 900w, https:\/\/borussia.lu\/wp-content\/uploads\/2024\/07\/274299211_609513893476832_2723008532578789347_n.png 1063w\" sizes=\"(max-width: 1024px) 100vw, 1024px\" \/><\/figure>\n\n\n\n<ul class=\"wp-block-social-links has-large-icon-size is-layout-flex wp-block-social-links-is-layout-flex\"><li class=\"wp-social-link wp-social-link-facebook  wp-block-social-link\"><a href=\"https:\/\/www.facebook.com\/revesderasigueres\/\" class=\"wp-block-social-link-anchor\"><svg width=\"24\" height=\"24\" viewBox=\"0 0 24 24\" version=\"1.1\" xmlns=\"http:\/\/www.w3.org\/2000\/svg\" aria-hidden=\"true\" focusable=\"false\"><path d=\"M12 2C6.5 2 2 6.5 2 12c0 5 3.7 9.1 8.4 9.9v-7H7.9V12h2.5V9.8c0-2.5 1.5-3.9 3.8-3.9 1.1 0 2.2.2 2.2.2v2.5h-1.3c-1.2 0-1.6.8-1.6 1.6V12h2.8l-.4 2.9h-2.3v7C18.3 21.1 22 17 22 12c0-5.5-4.5-10-10-10z\"><\/path><\/svg><span class=\"wp-block-social-link-label screen-reader-text\">Facebook<\/span><\/a><\/li><\/ul>\n","protected":false},"excerpt":{"rendered":"<p>Zesumme fir eis Fohlen \u2013 Sponsoring mat H\u00e4erz Mir si kee groussen Industriever\u00e4in. Mir si Fans. Mat L\u00e9ift, Engagement a Stolz op eisem Club:Gladbacher Fohlen L\u00ebtzebuerg. A mir sichen&nbsp;Partner, d\u00e9i mat eis zesumme stinn. Wann dir \u00c4r Firma&nbsp;g\u00e4ren no beim M\u00ebnsch position\u00e9iert, lokal Pr\u00e4senz w\u00ebllt weisen an&nbsp;e St\u00e9ck Fussballleidenschaft deele w\u00ebllt, da sidd dir bei [&hellip;]<\/p>\n","protected":false},"author":3,"featured_media":0,"parent":0,"menu_order":0,"comment_status":"closed","ping_status":"closed","template":"","meta":{"footnotes":""},"_links":{"self":[{"href":"https:\/\/borussia.lu\/index.php?rest_route=\/wp\/v2\/pages\/104673"}],"collection":[{"href":"https:\/\/borussia.lu\/index.php?rest_route=\/wp\/v2\/pages"}],"about":[{"href":"https:\/\/borussia.lu\/index.php?rest_route=\/wp\/v2\/types\/page"}],"author":[{"embeddable":true,"href":"https:\/\/borussia.lu\/index.php?rest_route=\/wp\/v2\/users\/3"}],"replies":[{"embeddable":true,"href":"https:\/\/borussia.lu\/index.php?rest_route=%2Fwp%2Fv2%2Fcomments&post=104673"}],"version-history":[{"count":8,"href":"https:\/\/borussia.lu\/index.php?rest_route=\/wp\/v2\/pages\/104673\/revisions"}],"predecessor-version":[{"id":104933,"href":"https:\/\/borussia.lu\/index.php?rest_route=\/wp\/v2\/pages\/104673\/revisions\/104933"}],"wp:attachment":[{"href":"https:\/\/borussia.lu\/index.php?rest_route=%2Fwp%2Fv2%2Fmedia&parent=104673"}],"curies":[{"name":"wp","href":"https:\/\/api.w.org\/{rel}","templated":true}]}}