{"id":104645,"date":"2024-07-01T20:26:46","date_gmt":"2024-07-01T19:26:46","guid":{"rendered":"https:\/\/borussia.lu\/?page_id=104645"},"modified":"2025-07-21T09:00:24","modified_gmt":"2025-07-21T08:00:24","slug":"fanlokal","status":"publish","type":"page","link":"https:\/\/borussia.lu\/?page_id=104645","title":{"rendered":"&#x1f3df;&#xfe0f; Eist Fanlokal"},"content":{"rendered":"\n<h2 class=\"wp-block-heading\"> D&#8217;Heem vun de Gladbacher Fohlen L\u00ebtzebuerg<\/h2>\n\n\n\n<p>D\u2019<strong>Fanlokal vun de Gladbacher Fohlen L\u00ebtzebuerg<\/strong>&nbsp;ass m\u00e9i w\u00e9i just e Raum \u2013 et ass e Treffpunkt fir all eis Memberen, Fr\u00ebnn a Fussballbegeeschterte.<\/p>\n\n\n\n<p>Hei erliewen mir d&#8217;Matcher zesummen, diskut\u00e9iere, feiere a schaffe un eiser Gemeinschaft.<\/p>\n\n\n\n<hr class=\"wp-block-separator has-alpha-channel-opacity\"\/>\n\n\n\n<h3 class=\"wp-block-heading\">&#x1f4cd; Wou fannt Dir eis?<\/h3>\n\n\n\n<p>Eist Fanlokal am H\u00e4erz vun Esch!<\/p>\n\n\n\n<p>Adress: L-4101 Esch\/Uelzecht, 12, Rue de l&#8217;Eau<\/p>\n\n\n\n<hr class=\"wp-block-separator has-alpha-channel-opacity\"\/>\n\n\n\n<h3 class=\"wp-block-heading\">&#x1f4fa; Wat g\u00ebtt et?<\/h3>\n\n\n\n<ul>\n<li>Live-Iwwerdroung vun de Bundesliga- &amp; Pokalmatcher vu Borussia M\u00f6nchengladbach <\/li>\n\n\n\n<li>Fan-Atmosph\u00e4r mat F\u00e4ndelen, Trikoten a Clubdekor<\/li>\n\n\n\n<li>Gedr\u00e9nks a kleng Snacks \/ Gekachs vum Pr\u00e4sident(ofh\u00e4ngeg vum Event)<\/li>\n<\/ul>\n\n\n\n<hr class=\"wp-block-separator has-alpha-channel-opacity\"\/>\n\n\n\n<h3 class=\"wp-block-heading\">&#x23f0; W\u00e9ini ass op?<\/h3>\n\n\n\n<p>D\u2019Fanlokal ass&nbsp;<strong>bei all Match aus der Bundesliga an DFB Pokal op<\/strong>.<br>(Wann net op ass kr\u00e9ien d&#8217;Memberen d\u00ebss Infoen matgedeelt!)<\/p>\n\n\n\n<hr class=\"wp-block-separator has-alpha-channel-opacity\"\/>\n\n\n\n<h3 class=\"wp-block-heading\">&#x1f49a; Kommt laanscht!<\/h3>\n\n\n\n<p>Egal ob ale Member oder nei Interess\u00e9ierten \u2013 jiddereen ass w\u00ebllkomm! D\u2019Fanlokal ass e St\u00e9ck Borussia-St\u00ebmmung direkt hei zu L\u00ebtzebuerg.<\/p>\n\n\n\n<p><em>N\u00ebmmen d\u2019Fohlen!<\/em><\/p>\n\n\n\n<figure class=\"wp-block-image size-full\"><img loading=\"lazy\" decoding=\"async\" width=\"600\" height=\"450\" src=\"http:\/\/borussia.lu\/wp-content\/uploads\/2015\/12\/549116_150005571842047_524357678_n.jpg\" alt=\"\" class=\"wp-image-83\" srcset=\"https:\/\/borussia.lu\/wp-content\/uploads\/2015\/12\/549116_150005571842047_524357678_n.jpg 600w, https:\/\/borussia.lu\/wp-content\/uploads\/2015\/12\/549116_150005571842047_524357678_n-300x225.jpg 300w\" sizes=\"(max-width: 600px) 100vw, 600px\" \/><\/figure>\n\n\n\n<p class=\"has-text-align-center\"><\/p>\n\n\n\n<p><\/p>\n\n\n\n<figure class=\"wp-block-gallery has-nested-images columns-default is-cropped wp-block-gallery-1 is-layout-flex wp-block-gallery-is-layout-flex\">\n<figure class=\"wp-block-image size-large\"><img loading=\"lazy\" decoding=\"async\" width=\"768\" height=\"1024\" data-id=\"104746\" src=\"https:\/\/borussia.lu\/wp-content\/uploads\/2024\/07\/IMG_2979-4-Gross-768x1024.jpeg\" alt=\"\" class=\"wp-image-104746\" srcset=\"https:\/\/borussia.lu\/wp-content\/uploads\/2024\/07\/IMG_2979-4-Gross-768x1024.jpeg 768w, https:\/\/borussia.lu\/wp-content\/uploads\/2024\/07\/IMG_2979-4-Gross-375x500.jpeg 375w, https:\/\/borussia.lu\/wp-content\/uploads\/2024\/07\/IMG_2979-4-Gross-900x1200.jpeg 900w, https:\/\/borussia.lu\/wp-content\/uploads\/2024\/07\/IMG_2979-4-Gross.jpeg 960w\" sizes=\"(max-width: 768px) 100vw, 768px\" \/><\/figure>\n\n\n\n<figure class=\"wp-block-image size-large\"><img loading=\"lazy\" decoding=\"async\" width=\"1024\" height=\"768\" data-id=\"104747\" src=\"https:\/\/borussia.lu\/wp-content\/uploads\/2024\/07\/IMG_2974-Gross-1024x768.jpeg\" alt=\"\" class=\"wp-image-104747\" srcset=\"https:\/\/borussia.lu\/wp-content\/uploads\/2024\/07\/IMG_2974-Gross-1024x768.jpeg 1024w, https:\/\/borussia.lu\/wp-content\/uploads\/2024\/07\/IMG_2974-Gross-500x375.jpeg 500w, https:\/\/borussia.lu\/wp-content\/uploads\/2024\/07\/IMG_2974-Gross-768x576.jpeg 768w, https:\/\/borussia.lu\/wp-content\/uploads\/2024\/07\/IMG_2974-Gross-900x675.jpeg 900w, https:\/\/borussia.lu\/wp-content\/uploads\/2024\/07\/IMG_2974-Gross.jpeg 1280w\" sizes=\"(max-width: 1024px) 100vw, 1024px\" \/><\/figure>\n\n\n\n<figure class=\"wp-block-image size-large\"><img loading=\"lazy\" decoding=\"async\" width=\"480\" height=\"640\" data-id=\"104745\" src=\"https:\/\/borussia.lu\/wp-content\/uploads\/2024\/07\/IMG_2972-Mittel.jpeg\" alt=\"\" class=\"wp-image-104745\" srcset=\"https:\/\/borussia.lu\/wp-content\/uploads\/2024\/07\/IMG_2972-Mittel.jpeg 480w, https:\/\/borussia.lu\/wp-content\/uploads\/2024\/07\/IMG_2972-Mittel-375x500.jpeg 375w\" sizes=\"(max-width: 480px) 100vw, 480px\" \/><\/figure>\n<\/figure>\n\n\n\n<p><\/p>\n\n\n\n<p><em>D\u00ebs Sait g\u00ebtt Iech present\u00e9iert vum DEMY SCHANDELER<\/em><\/p>\n\n\n\n<figure class=\"wp-block-image size-full\"><a href=\"https:\/\/www.demy.lu\/\"><img loading=\"lazy\" decoding=\"async\" width=\"483\" height=\"104\" src=\"http:\/\/borussia.lu\/wp-content\/uploads\/2024\/07\/Demy-Schandeler.png\" alt=\"\" class=\"wp-image-104675\"\/><\/a><\/figure>\n","protected":false},"excerpt":{"rendered":"<p>D&#8217;Heem vun de Gladbacher Fohlen L\u00ebtzebuerg D\u2019Fanlokal vun de Gladbacher Fohlen L\u00ebtzebuerg&nbsp;ass m\u00e9i w\u00e9i just e Raum \u2013 et ass e Treffpunkt fir all eis Memberen, Fr\u00ebnn a Fussballbegeeschterte. Hei erliewen mir d&#8217;Matcher zesummen, diskut\u00e9iere, feiere a schaffe un eiser Gemeinschaft. &#x1f4cd; Wou fannt Dir eis? Eist Fanlokal am H\u00e4erz vun Esch! Adress: L-4101 Esch\/Uelzecht, [&hellip;]<\/p>\n","protected":false},"author":3,"featured_media":0,"parent":0,"menu_order":0,"comment_status":"closed","ping_status":"closed","template":"","meta":{"footnotes":""},"_links":{"self":[{"href":"https:\/\/borussia.lu\/index.php?rest_route=\/wp\/v2\/pages\/104645"}],"collection":[{"href":"https:\/\/borussia.lu\/index.php?rest_route=\/wp\/v2\/pages"}],"about":[{"href":"https:\/\/borussia.lu\/index.php?rest_route=\/wp\/v2\/types\/page"}],"author":[{"embeddable":true,"href":"https:\/\/borussia.lu\/index.php?rest_route=\/wp\/v2\/users\/3"}],"replies":[{"embeddable":true,"href":"https:\/\/borussia.lu\/index.php?rest_route=%2Fwp%2Fv2%2Fcomments&post=104645"}],"version-history":[{"count":8,"href":"https:\/\/borussia.lu\/index.php?rest_route=\/wp\/v2\/pages\/104645\/revisions"}],"predecessor-version":[{"id":104938,"href":"https:\/\/borussia.lu\/index.php?rest_route=\/wp\/v2\/pages\/104645\/revisions\/104938"}],"wp:attachment":[{"href":"https:\/\/borussia.lu\/index.php?rest_route=%2Fwp%2Fv2%2Fmedia&parent=104645"}],"curies":[{"name":"wp","href":"https:\/\/api.w.org\/{rel}","templated":true}]}}